{"id":561,"date":"2020-02-25T15:55:15","date_gmt":"2020-02-25T14:55:15","guid":{"rendered":"https:\/\/www.maja-goepel.de\/impressum\/"},"modified":"2025-03-21T14:23:04","modified_gmt":"2025-03-21T13:23:04","slug":"imprint","status":"publish","type":"page","link":"https:\/\/www.maja-goepel.de\/en\/imprint\/","title":{"rendered":"Imprint"},"content":{"rendered":"","protected":false},"excerpt":{"rendered":"","protected":false},"author":7,"featured_media":0,"parent":0,"menu_order":0,"comment_status":"closed","ping_status":"closed","template":"page.php","meta":{"_acf_changed":false},"class_list":["post-561","page","type-page","status-publish","hentry"],"acf":[],"yoast_head":"<!-- This site is optimized with the Yoast SEO plugin v27.4 - https:\/\/yoast.com\/product\/yoast-seo-wordpress\/ -->\n<title>Imprint - Prof. Dr. Maja G\u00f6pel<\/title>\n<meta name=\"robots\" content=\"noindex, nofollow\" \/>\n<meta property=\"og:locale\" content=\"en_US\" \/>\n<meta property=\"og:type\" content=\"article\" \/>\n<meta property=\"og:title\" content=\"Imprint - Prof. Dr. Maja G\u00f6pel\" \/>\n<meta property=\"og:url\" content=\"https:\/\/www.maja-goepel.de\/en\/imprint\/\" \/>\n<meta property=\"og:site_name\" content=\"Prof. Dr. Maja G\u00f6pel\" \/>\n<meta property=\"article:modified_time\" content=\"2025-03-21T13:23:04+00:00\" \/>\n<meta property=\"og:image\" content=\"https:\/\/www.maja-goepel.de\/wp-content\/uploads\/2025\/10\/250917_CS1_15_008.jpg\" \/>\n\t<meta property=\"og:image:width\" content=\"3600\" \/>\n\t<meta property=\"og:image:height\" content=\"2400\" \/>\n\t<meta property=\"og:image:type\" content=\"image\/jpeg\" \/>\n<meta name=\"twitter:card\" content=\"summary_large_image\" \/>\n<script type=\"application\/ld+json\" class=\"yoast-schema-graph\">{\"@context\":\"https:\\\/\\\/schema.org\",\"@graph\":[{\"@type\":\"WebPage\",\"@id\":\"https:\\\/\\\/www.maja-goepel.de\\\/en\\\/imprint\\\/\",\"url\":\"https:\\\/\\\/www.maja-goepel.de\\\/en\\\/imprint\\\/\",\"name\":\"Imprint - Prof. Dr. Maja G\u00f6pel\",\"isPartOf\":{\"@id\":\"https:\\\/\\\/www.maja-goepel.de\\\/en\\\/#website\"},\"datePublished\":\"2020-02-25T14:55:15+00:00\",\"dateModified\":\"2025-03-21T13:23:04+00:00\",\"breadcrumb\":{\"@id\":\"https:\\\/\\\/www.maja-goepel.de\\\/en\\\/imprint\\\/#breadcrumb\"},\"inLanguage\":\"en-US\",\"potentialAction\":[{\"@type\":\"ReadAction\",\"target\":[\"https:\\\/\\\/www.maja-goepel.de\\\/en\\\/imprint\\\/\"]}]},{\"@type\":\"BreadcrumbList\",\"@id\":\"https:\\\/\\\/www.maja-goepel.de\\\/en\\\/imprint\\\/#breadcrumb\",\"itemListElement\":[{\"@type\":\"ListItem\",\"position\":1,\"name\":\"Startseite\",\"item\":\"https:\\\/\\\/www.maja-goepel.de\\\/en\\\/\"},{\"@type\":\"ListItem\",\"position\":2,\"name\":\"Imprint\"}]},{\"@type\":\"WebSite\",\"@id\":\"https:\\\/\\\/www.maja-goepel.de\\\/en\\\/#website\",\"url\":\"https:\\\/\\\/www.maja-goepel.de\\\/en\\\/\",\"name\":\"Prof. Dr. Maja G\u00f6pel\",\"description\":\"Polit\u00f6konomin, Expertin f\u00fcr Nachhaltigkeitspolitik &amp; Transformationsforschung, Autorin, Beraterin, Hochschullehrerin &amp; Mitbegr\u00fcnderin Scientists4Future.\",\"publisher\":{\"@id\":\"https:\\\/\\\/www.maja-goepel.de\\\/en\\\/#\\\/schema\\\/person\\\/79993d8dac49fe16f77ebbdee0419827\"},\"potentialAction\":[{\"@type\":\"SearchAction\",\"target\":{\"@type\":\"EntryPoint\",\"urlTemplate\":\"https:\\\/\\\/www.maja-goepel.de\\\/en\\\/?s={search_term_string}\"},\"query-input\":{\"@type\":\"PropertyValueSpecification\",\"valueRequired\":true,\"valueName\":\"search_term_string\"}}],\"inLanguage\":\"en-US\"},{\"@type\":[\"Person\",\"Organization\"],\"@id\":\"https:\\\/\\\/www.maja-goepel.de\\\/en\\\/#\\\/schema\\\/person\\\/79993d8dac49fe16f77ebbdee0419827\",\"name\":\"Maja G\u00f6pel\",\"image\":{\"@type\":\"ImageObject\",\"inLanguage\":\"en-US\",\"@id\":\"https:\\\/\\\/secure.gravatar.com\\\/avatar\\\/486333599a91e433d06ee58393b4905d10edae3bad264d40b1a8acf76a7a3bee?s=96&d=mm&r=g\",\"url\":\"https:\\\/\\\/secure.gravatar.com\\\/avatar\\\/486333599a91e433d06ee58393b4905d10edae3bad264d40b1a8acf76a7a3bee?s=96&d=mm&r=g\",\"contentUrl\":\"https:\\\/\\\/secure.gravatar.com\\\/avatar\\\/486333599a91e433d06ee58393b4905d10edae3bad264d40b1a8acf76a7a3bee?s=96&d=mm&r=g\",\"caption\":\"Maja G\u00f6pel\"},\"logo\":{\"@id\":\"https:\\\/\\\/secure.gravatar.com\\\/avatar\\\/486333599a91e433d06ee58393b4905d10edae3bad264d40b1a8acf76a7a3bee?s=96&d=mm&r=g\"},\"sameAs\":[\"https:\\\/\\\/www.maja-goepel.de\"]}]}<\/script>\n<!-- \/ Yoast SEO plugin. -->","yoast_head_json":{"title":"Imprint - Prof. Dr. Maja G\u00f6pel","robots":{"index":"noindex","follow":"nofollow"},"og_locale":"en_US","og_type":"article","og_title":"Imprint - Prof. Dr. Maja G\u00f6pel","og_url":"https:\/\/www.maja-goepel.de\/en\/imprint\/","og_site_name":"Prof. Dr. Maja G\u00f6pel","article_modified_time":"2025-03-21T13:23:04+00:00","og_image":[{"width":3600,"height":2400,"url":"https:\/\/www.maja-goepel.de\/wp-content\/uploads\/2025\/10\/250917_CS1_15_008.jpg","type":"image\/jpeg"}],"twitter_card":"summary_large_image","schema":{"@context":"https:\/\/schema.org","@graph":[{"@type":"WebPage","@id":"https:\/\/www.maja-goepel.de\/en\/imprint\/","url":"https:\/\/www.maja-goepel.de\/en\/imprint\/","name":"Imprint - Prof. Dr. Maja G\u00f6pel","isPartOf":{"@id":"https:\/\/www.maja-goepel.de\/en\/#website"},"datePublished":"2020-02-25T14:55:15+00:00","dateModified":"2025-03-21T13:23:04+00:00","breadcrumb":{"@id":"https:\/\/www.maja-goepel.de\/en\/imprint\/#breadcrumb"},"inLanguage":"en-US","potentialAction":[{"@type":"ReadAction","target":["https:\/\/www.maja-goepel.de\/en\/imprint\/"]}]},{"@type":"BreadcrumbList","@id":"https:\/\/www.maja-goepel.de\/en\/imprint\/#breadcrumb","itemListElement":[{"@type":"ListItem","position":1,"name":"Startseite","item":"https:\/\/www.maja-goepel.de\/en\/"},{"@type":"ListItem","position":2,"name":"Imprint"}]},{"@type":"WebSite","@id":"https:\/\/www.maja-goepel.de\/en\/#website","url":"https:\/\/www.maja-goepel.de\/en\/","name":"Prof. Dr. Maja G\u00f6pel","description":"Polit\u00f6konomin, Expertin f\u00fcr Nachhaltigkeitspolitik &amp; Transformationsforschung, Autorin, Beraterin, Hochschullehrerin &amp; Mitbegr\u00fcnderin Scientists4Future.","publisher":{"@id":"https:\/\/www.maja-goepel.de\/en\/#\/schema\/person\/79993d8dac49fe16f77ebbdee0419827"},"potentialAction":[{"@type":"SearchAction","target":{"@type":"EntryPoint","urlTemplate":"https:\/\/www.maja-goepel.de\/en\/?s={search_term_string}"},"query-input":{"@type":"PropertyValueSpecification","valueRequired":true,"valueName":"search_term_string"}}],"inLanguage":"en-US"},{"@type":["Person","Organization"],"@id":"https:\/\/www.maja-goepel.de\/en\/#\/schema\/person\/79993d8dac49fe16f77ebbdee0419827","name":"Maja G\u00f6pel","image":{"@type":"ImageObject","inLanguage":"en-US","@id":"https:\/\/secure.gravatar.com\/avatar\/486333599a91e433d06ee58393b4905d10edae3bad264d40b1a8acf76a7a3bee?s=96&d=mm&r=g","url":"https:\/\/secure.gravatar.com\/avatar\/486333599a91e433d06ee58393b4905d10edae3bad264d40b1a8acf76a7a3bee?s=96&d=mm&r=g","contentUrl":"https:\/\/secure.gravatar.com\/avatar\/486333599a91e433d06ee58393b4905d10edae3bad264d40b1a8acf76a7a3bee?s=96&d=mm&r=g","caption":"Maja G\u00f6pel"},"logo":{"@id":"https:\/\/secure.gravatar.com\/avatar\/486333599a91e433d06ee58393b4905d10edae3bad264d40b1a8acf76a7a3bee?s=96&d=mm&r=g"},"sameAs":["https:\/\/www.maja-goepel.de"]}]}},"_links":{"self":[{"href":"https:\/\/www.maja-goepel.de\/en\/wp-json\/wp\/v2\/pages\/561","targetHints":{"allow":["GET"]}}],"collection":[{"href":"https:\/\/www.maja-goepel.de\/en\/wp-json\/wp\/v2\/pages"}],"about":[{"href":"https:\/\/www.maja-goepel.de\/en\/wp-json\/wp\/v2\/types\/page"}],"author":[{"embeddable":true,"href":"https:\/\/www.maja-goepel.de\/en\/wp-json\/wp\/v2\/users\/7"}],"replies":[{"embeddable":true,"href":"https:\/\/www.maja-goepel.de\/en\/wp-json\/wp\/v2\/comments?post=561"}],"version-history":[{"count":4,"href":"https:\/\/www.maja-goepel.de\/en\/wp-json\/wp\/v2\/pages\/561\/revisions"}],"predecessor-version":[{"id":1029,"href":"https:\/\/www.maja-goepel.de\/en\/wp-json\/wp\/v2\/pages\/561\/revisions\/1029"}],"wp:attachment":[{"href":"https:\/\/www.maja-goepel.de\/en\/wp-json\/wp\/v2\/media?parent=561"}],"curies":[{"name":"wp","href":"https:\/\/api.w.org\/{rel}","templated":true}]}}